{"id":1256,"date":"2021-03-10T10:31:06","date_gmt":"2020-05-04T10:19:36","guid":{"rendered":"https:\/\/kajkjaerflorafauna.com\/collaborations-2\/"},"modified":"2021-06-22T12:12:34","modified_gmt":"2021-06-22T12:12:34","slug":"udlejning","status":"publish","type":"page","link":"https:\/\/kajkjaerflorafauna.com\/da\/udlejning\/","title":{"rendered":"Udlej dit sommerhus"},"content":{"rendered":"","protected":false},"excerpt":{"rendered":"","protected":false},"author":1,"featured_media":0,"parent":0,"menu_order":0,"comment_status":"closed","ping_status":"closed","template":"","meta":[],"class_list":["post-1256","page","type-page","status-publish","hentry"],"grid":"{\r\n  \"colCount\": 12,\r\n  \"colGutter\": 2.5,\r\n  \"rowGutters\": [],\r\n  \"frameMargin\": 4,\r\n  \"topFrameMargin\": 135,\r\n  \"bottomFrameMargin\": 6,\r\n  \"rowAttrs\": [\r\n    {}\r\n  ],\r\n  \"bgColor\": \"#000000\",\r\n  \"cont\": [\r\n    {\r\n      \"type\": \"stack\",\r\n      \"cont\": [\r\n        {\r\n          \"type\": \"text\",\r\n          \"cont\": \"<h1 class=\\\"_Titler\\\">UDLEJ DIT SOMMERHUS <br \/>GENNEM KKFF<\/h1>\",\r\n          \"align\": \"top\",\r\n          \"row\": -1,\r\n          \"col\": 0,\r\n          \"colspan\": 6,\r\n          \"offsetx\": 0,\r\n          \"offsety\": 0,\r\n          \"spaceabove\": 0,\r\n          \"spacebelow\": 0,\r\n          \"yvel\": 1,\r\n          \"push\": 0,\r\n          \"relid\": 5,\r\n          \"dosync\": false\r\n        },\r\n        {\r\n          \"type\": \"text\",\r\n          \"cont\": \"<p class=\\\"_Text\\\"><br \/><br \/><br \/><\/p><p class=\\\"_Text\\\"><span class=\\\"s1\\\">Kaj Kj\u00e6r Flora &amp; Fauna \u00f8nsker at samarbejde med alle sommerhusejere i omr\u00e5det Gr\u00f8nh\u00f8j Strand om at udleje jeres sommerhuse, hvor b\u00e5de I som sommerhusejere og naturen i n\u00e6romr\u00e5det f\u00e5r en del af overskuddet af indtjeningen.<\/span><\/p><p class=\\\"_Text\\\"><span class=\\\"s2\\\">Vi st\u00e5r for al administration af udlejning, booking, reng\u00f8ring, <\/span><span class=\\\"s1\\\">samt g\u00e6stekontakt og er on-ground kontaktbare i hele perioden. Du har selvf\u00f8lgelig fri mulighed for at blokere de uger i vores kalendersystem, hvor du ikke \u00f8nsker, dit sommerhus skal st\u00e5 til r\u00e5dighed for udlejning. Det er enkelt, og vi garanterer en tryg og gennemsigtig proces.<\/span><\/p><p class=\\\"_Text\\\"><span class=\\\"s1\\\"><br \/>Kontakt os for information p\u00e5 \u2192 <a href=\\\"mailto:info@kkff.dk\\\">info@kkff.dk<\/a><br \/><br \/>L\u00e6s mere i vores udlejningsfolder <a rel=\\\"noopener\\\" href=\\\"https:\/\/kajkjaerflorafauna.com\/wp-content\/uploads\/2021\/06\/210622_udlejningsfolder_isa.pdf\\\" target=\\\"_blank\\\">her<\/a><\/span><\/p>\",\r\n          \"align\": \"middle\",\r\n          \"row\": -1,\r\n          \"col\": 1,\r\n          \"colspan\": 5,\r\n          \"offsetx\": 0,\r\n          \"offsety\": 0,\r\n          \"spaceabove\": 0,\r\n          \"spacebelow\": 3,\r\n          \"yvel\": 1,\r\n          \"push\": 1,\r\n          \"relid\": 6,\r\n          \"dosync\": false\r\n        }\r\n      ],\r\n      \"align\": \"top\",\r\n      \"row\": 0,\r\n      \"col\": 0,\r\n      \"colspan\": 7,\r\n      \"offsetx\": 0,\r\n      \"offsety\": 0,\r\n      \"spaceabove\": 0,\r\n      \"spacebelow\": 0,\r\n      \"yvel\": 1,\r\n      \"push\": 0,\r\n      \"relid\": 4,\r\n      \"frameOverflow\": \"\"\r\n    },\r\n    {\r\n      \"type\": \"stack\",\r\n      \"cont\": [\r\n        {\r\n          \"type\": \"video\",\r\n          \"cont\": \"https:\/\/i.ytimg.com\/vi\/R5Cco9rhleo\/hqdefault.jpg\",\r\n          \"align\": \"top\",\r\n          \"row\": -1,\r\n          \"col\": 0,\r\n          \"colspan\": 5,\r\n          \"offsetx\": 0,\r\n          \"offsety\": 0,\r\n          \"spaceabove\": 2,\r\n          \"spacebelow\": 0,\r\n          \"yvel\": 1,\r\n          \"push\": 0,\r\n          \"relid\": 542,\r\n          \"iframe\": \"<iframe width=\\\"200\\\" height=\\\"113\\\" src=\\\"\/\/www.youtube.com\/embed\/R5Cco9rhleo?enablejsapi=1&wmode=transparent&autohide=1&iv_load_policy=3&modestbranding=1&rel=0&showinfo=0&showsearch=0?&theme=light&color=white\\\" frameborder=\\\"0\\\" allowfullscreen><\/iframe>\",\r\n          \"url\": \"https:\/\/youtu.be\/R5Cco9rhleo\",\r\n          \"w\": 200,\r\n          \"h\": 113,\r\n          \"ar\": 0.565\r\n        }\r\n      ],\r\n      \"align\": \"top\",\r\n      \"row\": 0,\r\n      \"col\": 7,\r\n      \"colspan\": 5,\r\n      \"offsetx\": 0,\r\n      \"offsety\": 0,\r\n      \"spaceabove\": 0,\r\n      \"spacebelow\": 0,\r\n      \"yvel\": 1,\r\n      \"push\": 0,\r\n      \"relid\": 575,\r\n      \"frameOverflow\": \"\"\r\n    }\r\n  ]\r\n}","phonegrid":"{\r\n  \"colCount\": 12,\r\n  \"colGutter\": 1,\r\n  \"rowGutters\": [\r\n    10,\r\n    10\r\n  ],\r\n  \"frameMargin\": 5,\r\n  \"topFrameMargin\": 22,\r\n  \"bottomFrameMargin\": 15,\r\n  \"rowAttrs\": [\r\n    {},\r\n    {},\r\n    {}\r\n  ],\r\n  \"bgColor\": \"#000000\",\r\n  \"cont\": [\r\n    {\r\n      \"type\": \"text\",\r\n      \"cont\": \"<h1 class=\\\"_Titler\\\">UDLEJ DIT SOMMERHUS <br \/>GENNEM KKFF<\/h1>\",\r\n      \"align\": \"bottom\",\r\n      \"row\": 0,\r\n      \"col\": 0,\r\n      \"colspan\": 12,\r\n      \"offsetx\": 0,\r\n      \"offsety\": 0,\r\n      \"spaceabove\": 0,\r\n      \"spacebelow\": 0,\r\n      \"yvel\": 1,\r\n      \"push\": 0,\r\n      \"relid\": 5,\r\n      \"dosync\": false\r\n    },\r\n    {\r\n      \"type\": \"video\",\r\n      \"cont\": \"https:\/\/i.ytimg.com\/vi\/R5Cco9rhleo\/hqdefault.jpg\",\r\n      \"align\": \"top\",\r\n      \"row\": 1,\r\n      \"col\": 0,\r\n      \"colspan\": 12,\r\n      \"offsetx\": 0,\r\n      \"offsety\": 0,\r\n      \"spaceabove\": 0,\r\n      \"spacebelow\": 0,\r\n      \"yvel\": 1,\r\n      \"push\": 0,\r\n      \"relid\": 7,\r\n      \"iframe\": \"<iframe width=\\\"200\\\" height=\\\"113\\\" src=\\\"\/\/www.youtube.com\/embed\/R5Cco9rhleo?enablejsapi=1&wmode=transparent&autohide=1&iv_load_policy=3&modestbranding=1&rel=0&showinfo=0&showsearch=0?&theme=light&color=white\\\" frameborder=\\\"0\\\" allowfullscreen><\/iframe>\",\r\n      \"url\": \"https:\/\/www.youtube.com\/watch?v=R5Cco9rhleo\",\r\n      \"w\": 200,\r\n      \"h\": 113,\r\n      \"ar\": 0.565\r\n    },\r\n    {\r\n      \"type\": \"text\",\r\n      \"cont\": \"<p class=\\\"_Text\\\"><span class=\\\"s1\\\">Kaj Kj\u00e6r Flora &amp; Fauna \u00f8nsker at samarbejde med alle sommerhusejere i omr\u00e5det Gr\u00f8nh\u00f8j Strand om at udleje jeres sommerhuse, hvor b\u00e5de I som sommerhusejere og naturen i n\u00e6romr\u00e5det f\u00e5r en del af overskuddet af indtjeningen.<\/span><\/p><p class=\\\"_Text\\\"><span class=\\\"s2\\\">Vi st\u00e5r for al administration af udlejning, booking, reng\u00f8ring, <\/span><span class=\\\"s1\\\">samt g\u00e6stekontakt og er on-ground kontaktbare i hele perioden. Du har selvf\u00f8lgelig fri mulighed for at blokere de uger i vores kalendersystem, hvor du ikke \u00f8nsker, dit sommerhus skal st\u00e5 til r\u00e5dighed for udlejning. Det er enkelt, og vi garanterer en tryg og gennemsigtig proces.<\/span><\/p><p class=\\\"_Text\\\"><span class=\\\"s1\\\">Kontakt os for mere information p\u00e5 \u2192 <a href=\\\"mailto:info@kkff.dk\\\">info@kkff.dk<\/a><\/span><\/p>\",\r\n      \"align\": \"bottom\",\r\n      \"row\": 2,\r\n      \"col\": 0,\r\n      \"colspan\": 12,\r\n      \"offsetx\": 0,\r\n      \"offsety\": 0,\r\n      \"spaceabove\": 0,\r\n      \"spacebelow\": 0,\r\n      \"yvel\": 1,\r\n      \"push\": 0,\r\n      \"relid\": 6,\r\n      \"dosync\": false\r\n    }\r\n  ]\r\n}","_links":{"self":[{"href":"https:\/\/kajkjaerflorafauna.com\/da\/wp-json\/wp\/v2\/pages\/1256","targetHints":{"allow":["GET"]}}],"collection":[{"href":"https:\/\/kajkjaerflorafauna.com\/da\/wp-json\/wp\/v2\/pages"}],"about":[{"href":"https:\/\/kajkjaerflorafauna.com\/da\/wp-json\/wp\/v2\/types\/page"}],"author":[{"embeddable":true,"href":"https:\/\/kajkjaerflorafauna.com\/da\/wp-json\/wp\/v2\/users\/1"}],"replies":[{"embeddable":true,"href":"https:\/\/kajkjaerflorafauna.com\/da\/wp-json\/wp\/v2\/comments?post=1256"}],"version-history":[{"count":0,"href":"https:\/\/kajkjaerflorafauna.com\/da\/wp-json\/wp\/v2\/pages\/1256\/revisions"}],"wp:attachment":[{"href":"https:\/\/kajkjaerflorafauna.com\/da\/wp-json\/wp\/v2\/media?parent=1256"}],"curies":[{"name":"wp","href":"https:\/\/api.w.org\/{rel}","templated":true}]}}