{"id":319,"date":"2020-05-04T10:19:09","date_gmt":"2020-05-04T10:19:09","guid":{"rendered":"https:\/\/kajkjaerflorafauna.com\/?page_id=319"},"modified":"2021-03-05T15:16:39","modified_gmt":"2021-03-05T15:16:39","slug":"intention","status":"publish","type":"page","link":"https:\/\/kajkjaerflorafauna.com\/da\/intention\/","title":{"rendered":"Vores hensigt"},"content":{"rendered":"","protected":false},"excerpt":{"rendered":"","protected":false},"author":1,"featured_media":0,"parent":0,"menu_order":0,"comment_status":"closed","ping_status":"closed","template":"","meta":[],"class_list":["post-319","page","type-page","status-publish","hentry"],"grid":"{\r\n  \"colCount\": 24,\r\n  \"colGutter\": 2.5,\r\n  \"rowGutters\": [],\r\n  \"frameMargin\": 4,\r\n  \"topFrameMargin\": 135,\r\n  \"bottomFrameMargin\": 6,\r\n  \"rowAttrs\": [\r\n    {}\r\n  ],\r\n  \"bgColor\": \"#000000\",\r\n  \"cont\": [\r\n    {\r\n      \"type\": \"stack\",\r\n      \"cont\": [\r\n        {\r\n          \"type\": \"text\",\r\n          \"cont\": \"<h1 class=\\\"_Titler\\\">VORES HENSIGT<br \/><br \/>Kaj Kj\u00e6r Flora &amp; Faunas overordnede intention er at skabe en skalerbar ramme for udviklingen af omr\u00e5der, der er afbalancerede \u00d8KO-logisk og \u00d8KO-nomisk, s\u00e5 vidt som muligt p\u00e5 naturens vilk\u00e5r.<\/h1>\",\r\n          \"align\": \"top\",\r\n          \"row\": -1,\r\n          \"col\": 0,\r\n          \"colspan\": 13,\r\n          \"offsetx\": 0,\r\n          \"offsety\": 0,\r\n          \"spaceabove\": 0,\r\n          \"spacebelow\": 0,\r\n          \"yvel\": 1,\r\n          \"push\": 0,\r\n          \"relid\": 6\r\n        },\r\n        {\r\n          \"type\": \"text\",\r\n          \"cont\": \"<p class=\\\"_Text\\\"><br \/><br \/><br \/><span style=\\\"font-weight: 400;\\\">Vi har grundlagt fonden for at hj\u00e6lpen med at skabe balance i vores milj\u00f8 p\u00e5 Jorden, for at gavne alt plante- og dyreliv og give den menneskelige art (som skaber turisme) en bedre oplevelse i naturen, s\u00e5vel som for at formidle den forskning og udvikling der udf\u00f8res i vores omr\u00e5der.<\/span><\/p><p class=\\\"_Text\\\"><span style=\\\"font-weight: 400;\\\">Fondens form\u00e5l er i tr\u00e5d med anbefalinger, omhandlende st\u00f8rre sammenh\u00e6ngende naturomr\u00e5der, som adskillige faglige rapporter og policy-dokumenter* har peget p\u00e5 som n\u00f8dvendige for opfyldelsen internationale forpligtelser over for landskab, biodiversitet, klima og natur.<\/span><\/p><p class=\\\"_Text\\\"><span style=\\\"font-weight: 400;\\\">Vi opererer p\u00e5 nuv\u00e6rende tidspunkt i Danmark og \u00e5bner vores asiatiske kapitel i \u00e5r (2020). Gennemg\u00e5ende for vores arbejde (funktioner og operationer) er, at vi ser en forpligtelse til at styrke en b\u00e6redygtig lokal \u00f8konomi baseret p\u00e5 stedbundne kulturelle v\u00e6rdier og ressourcer.<\/span><\/p>\",\r\n          \"align\": \"top\",\r\n          \"row\": -1,\r\n          \"col\": 2,\r\n          \"colspan\": 11,\r\n          \"offsetx\": 0,\r\n          \"offsety\": 0,\r\n          \"spaceabove\": 0,\r\n          \"spacebelow\": 3,\r\n          \"yvel\": 1,\r\n          \"push\": 2,\r\n          \"relid\": 9,\r\n          \"dosync\": false\r\n        },\r\n        {\r\n          \"type\": \"text\",\r\n          \"cont\": \"<ol class=\\\"_Text\\\" type=\\\"a\\\"><li><span style=\\\"font-weight: 400;\\\">Der er stor mangel p\u00e5 omr\u00e5der der fuldst\u00e6ndig er overladt til udvikling p\u00e5 naturens pr\u00e6misser.<\/span><br \/><br \/><\/li><li><span style=\\\"font-weight: 400;\\\">Der er et behov for omr\u00e5der hvor naturen spiller den centrale rolle.<\/span><br \/><br \/><\/li><li><span style=\\\"font-weight: 400;\\\">De fleste statslige forvaltninger af natur er ofte en kulisse, hvor andre faktorer spiller en dominerende rolle: ressourceudnyttelse, heri landbrug, jagt, friluftsliv, samt kulturelle og historiske hensyn.<\/span><br \/><br \/><\/li><li><span style=\\\"font-weight: 400;\\\">Der er behov for eksperimenter der bryder \u00e5rtiers vanet\u00e6nkning inden for dansk og international naturforvaltning.<\/span><\/li><\/ol>\",\r\n          \"align\": \"bottom\",\r\n          \"row\": -1,\r\n          \"col\": 3,\r\n          \"colspan\": 10,\r\n          \"offsetx\": 0,\r\n          \"offsety\": 0,\r\n          \"spaceabove\": 0,\r\n          \"spacebelow\": 3,\r\n          \"yvel\": 1,\r\n          \"push\": 3,\r\n          \"relid\": 12\r\n        },\r\n        {\r\n          \"type\": \"hr\",\r\n          \"cont\": \"\",\r\n          \"align\": \"bottom\",\r\n          \"row\": -1,\r\n          \"col\": 2,\r\n          \"colspan\": 11,\r\n          \"offsetx\": 0,\r\n          \"offsety\": 0,\r\n          \"spaceabove\": 0,\r\n          \"spacebelow\": 0,\r\n          \"yvel\": 1,\r\n          \"push\": 2,\r\n          \"relid\": 13\r\n        },\r\n        {\r\n          \"type\": \"text\",\r\n          \"cont\": \"<p class=\\\"_Captions\\\"><span style=\\\"font-weight: 400;\\\"><span style=\\\"letter-spacing: 0.05em;\\\">*REFERENCER<\/span><br \/><br \/>\u2192\u00a0 <a href=\\\"https:\/\/www.cbd.int\/convention\/\\\" target=\\\"_blank\\\" rel=\\\"noopener\\\">Convention on Biological Diversity<\/a><\/span><br \/><span style=\\\"font-weight: 400;\\\">\u2192\u00a0 <\/span><a href=\\\"https:\/\/www.iucn.org\/\\\" target=\\\"_blank\\\" rel=\\\"noopener\\\"><span style=\\\"font-weight: 400;\\\">International Union for Conservation of Nature<\/span><\/a><br \/><span style=\\\"font-weight: 400;\\\">\u2192\u00a0 <\/span><a href=\\\"https:\/\/ec.europa.eu\/environment\/nature\/natura2000\/index_en.htm\\\" target=\\\"_blank\\\" rel=\\\"noopener\\\"><span style=\\\"font-weight: 400;\\\">EU Natura 2000<\/span><\/a><br \/><span style=\\\"font-weight: 400;\\\"> \u2192\u00a0 <\/span><a href=\\\"https:\/\/en.unesco.org\/biosphere\\\" target=\\\"_blank\\\" rel=\\\"noopener\\\"><span style=\\\"font-weight: 400;\\\">UNESCO Biosphere reserves<\/span><\/a><br \/><span style=\\\"font-weight: 400;\\\">\u2192\u00a0 <a href=\\\"https:\/\/www.oecd.org\/environment\/resources\/tracking-economic-instruments-and-finance-for-biodiversity-2020.pdf\\\" target=\\\"_blank\\\" rel=\\\"noopener\\\">OECD: Economic instruments and biodiversity<\/a><\/span><span style=\\\"font-weight: 400;\\\"><br \/><\/span><span style=\\\"font-weight: 400;\\\">\u2192\u00a0 <\/span><a href=\\\"https:\/\/www.ipbes.net\/\\\" target=\\\"_blank\\\" rel=\\\"noopener\\\"><span style=\\\"font-weight: 400;\\\">IPBES; The Intergovernmental Science-Policy Platform on Biodiversity and Ecosystem Services<\/span><\/a><\/p>\",\r\n          \"align\": \"bottom\",\r\n          \"row\": -1,\r\n          \"col\": 2,\r\n          \"colspan\": 11,\r\n          \"offsetx\": 0,\r\n          \"offsety\": 0,\r\n          \"spaceabove\": 3,\r\n          \"spacebelow\": 0,\r\n          \"yvel\": 1,\r\n          \"push\": 2,\r\n          \"relid\": 11\r\n        }\r\n      ],\r\n      \"align\": \"top\",\r\n      \"row\": 0,\r\n      \"col\": 0,\r\n      \"colspan\": 14,\r\n      \"offsetx\": 0,\r\n      \"offsety\": 0,\r\n      \"spaceabove\": 0,\r\n      \"spacebelow\": 0,\r\n      \"yvel\": 1,\r\n      \"push\": 0,\r\n      \"relid\": 4,\r\n      \"frameOverflow\": \"\"\r\n    },\r\n    {\r\n      \"type\": \"stack\",\r\n      \"cont\": [\r\n        {\r\n          \"type\": \"carousel\",\r\n          \"cont\": \"\",\r\n          \"align\": \"top\",\r\n          \"row\": -1,\r\n          \"col\": 0,\r\n          \"colspan\": 8,\r\n          \"offsetx\": 0,\r\n          \"offsety\": 0,\r\n          \"spaceabove\": 0,\r\n          \"spacebelow\": 0,\r\n          \"yvel\": 1,\r\n          \"push\": 0,\r\n          \"relid\": 2188,\r\n          \"carousel_options\": {\r\n            \"random\": false,\r\n            \"autoplay\": false,\r\n            \"showMultipleSlides\": false,\r\n            \"freeScroll\": false,\r\n            \"size\": \"aspectRatioOfFirstElement\",\r\n            \"slidesWidth\": \"null\",\r\n            \"transition\": \"fading\",\r\n            \"loop\": \"1\",\r\n            \"spaceBetween\": 0\r\n          },\r\n          \"carousel\": [\r\n            {\r\n              \"type\": \"img\",\r\n              \"attid\": 1244,\r\n              \"cont\": \"\/wp-content\/uploads\/2021\/03\/ECO-logy-ECO-nomy_1-05-1.svg\",\r\n              \"sizes\": {\r\n                \"full\": \"\/wp-content\/uploads\/2021\/03\/ECO-logy-ECO-nomy_1-05-1.svg\"\r\n              },\r\n              \"w\": 391.07,\r\n              \"h\": 391.18,\r\n              \"ar\": 1.000281279566318,\r\n              \"alt\": \"\",\r\n              \"caption\": \"<p class=\\\"_Captions\\\" style=\\\"padding-right: 8%;\\\"><span style=\\\"font-family: Lars-Regular;\\\">ECO-LOGY DOMINERER<br \/><\/span>Penge kanaliseres ind i naturen, men g\u00f8res ikke \u00f8konomisk b\u00e6redygtigt<\/p>\"\r\n            },\r\n            {\r\n              \"type\": \"img\",\r\n              \"attid\": 1245,\r\n              \"cont\": \"\/wp-content\/uploads\/2021\/03\/ECO-logy-ECO-nomy_2-06-1.svg\",\r\n              \"sizes\": {\r\n                \"full\": \"\/wp-content\/uploads\/2021\/03\/ECO-logy-ECO-nomy_2-06-1.svg\"\r\n              },\r\n              \"w\": 391.18,\r\n              \"h\": 391.18,\r\n              \"ar\": 1,\r\n              \"alt\": \"\",\r\n              \"caption\": \"<p class=\\\"_Captions\\\" style=\\\"padding-right: 8%;\\\"><span style=\\\"font-family: Lars-LightItalic;\\\"><span style=\\\"font-family: Lars-Regular;\\\">ECO-NOMY DOMINERER<br \/>Vi udpiner naturens ressourcer for at skabe kortsigtet \u00f8konomisk v\u00e6kst<\/span><\/span><\/p><p class=\\\"_Captions\\\" style=\\\"padding-right: 8%;\\\"><span style=\\\"font-family: Lars-LightItalic;\\\">\u00a0<\/span><\/p>\"\r\n            },\r\n            {\r\n              \"type\": \"img\",\r\n              \"attid\": 1246,\r\n              \"cont\": \"\/wp-content\/uploads\/2021\/03\/ECO-logy-ECO-nomy_3-04.svg\",\r\n              \"sizes\": {\r\n                \"full\": \"\/wp-content\/uploads\/2021\/03\/ECO-logy-ECO-nomy_3-04.svg\"\r\n              },\r\n              \"w\": 391.18,\r\n              \"h\": 391.18,\r\n              \"ar\": 1,\r\n              \"alt\": \"\",\r\n              \"caption\": \"<p class=\\\"_Captions\\\" style=\\\"padding-right: 8%;\\\"><span style=\\\"font-family: Lars-Regular;\\\">ECO-LOGY OG ECO-NOMY I \u00c6KVILIBRIUM<\/span><br \/>Langsigtede \u00f8konomiske investeringer kanaliseres ind i ECO-logy, der fungerer som l\u00f8ftestang for yderligere investeringer for at opretholde jorden i balance<\/p>\"\r\n            }\r\n          ]\r\n        }\r\n      ],\r\n      \"align\": \"top\",\r\n      \"row\": 0,\r\n      \"col\": 16,\r\n      \"colspan\": 8,\r\n      \"offsetx\": 0,\r\n      \"offsety\": 0,\r\n      \"spaceabove\": 0,\r\n      \"spacebelow\": 0,\r\n      \"yvel\": 1,\r\n      \"push\": 2,\r\n      \"relid\": 7,\r\n      \"frameOverflow\": \"\"\r\n    }\r\n  ]\r\n}","phonegrid":"{\r\n  \"colCount\": 12,\r\n  \"colGutter\": 1,\r\n  \"rowGutters\": [\r\n    10,\r\n    10\r\n  ],\r\n  \"frameMargin\": 5,\r\n  \"topFrameMargin\": 22,\r\n  \"bottomFrameMargin\": 15,\r\n  \"rowAttrs\": [\r\n    {},\r\n    {},\r\n    {}\r\n  ],\r\n  \"bgColor\": \"#000000\",\r\n  \"cont\": [\r\n    {\r\n      \"type\": \"text\",\r\n      \"cont\": \"<h1 class=\\\"_Titler\\\">VORES HENSIGT<br \/><br \/>Kaj Kj\u00e6r Flora &amp; Faunas overordnede intention er at skabe en skalerbar ramme for udviklingen af omr\u00e5der, der er afbalancerede \u00d8KO-logisk og \u00d8KO-nomisk, s\u00e5 vidt som muligt p\u00e5 naturens vilk\u00e5r.<\/h1>\",\r\n      \"align\": \"bottom\",\r\n      \"row\": 0,\r\n      \"col\": 0,\r\n      \"colspan\": 12,\r\n      \"offsetx\": 0,\r\n      \"offsety\": 0,\r\n      \"spaceabove\": 0,\r\n      \"spacebelow\": 0,\r\n      \"yvel\": 1,\r\n      \"push\": 0,\r\n      \"relid\": 10,\r\n      \"dosync\": false\r\n    },\r\n    {\r\n      \"type\": \"text\",\r\n      \"cont\": \"<p class=\\\"_Text\\\">Vi har grundlagt fonden for at hj\u00e6lpe planeten med at afbalancere kvaliteten af vores milj\u00f8 ved at gavne alt plante- og dyreliv og give os mennesker en bedre oplevelse i naturen (hvad der skaber turisme), s\u00e5vel som at formidle om den forskning og udvikling, der udf\u00f8res i vores omr\u00e5der.<\/p><p class=\\\"_Text\\\">Vores form\u00e5l er i linje med anbefalinger om st\u00f8rre sammenh\u00e6ngende naturomr\u00e5der, som flere akademiske publikationer og industripublikationer, samt lovgivningsm\u00e6ssige politiske dokumenter* har indikeret for at opfylde internationale forpligtelser med hensyn til landskab, biodiversitet, klima og natur.<\/p><p class=\\\"_Text\\\">I \u00f8jeblikket opererer vi i Danmark og \u00e5bner vores asiatiske afdeling i dette \u00e5r (2020). D\u00e9t, der gennemsyrer gennem vores arbejde (funktioner og operationer), er, at vi har en forpligtelse til at styrke en b\u00e6redygtig lokal \u00f8konomi baseret p\u00e5 iboende (indf\u00f8dte) kulturelle v\u00e6rdier og ressourcer.<\/p>\",\r\n      \"align\": \"bottom\",\r\n      \"row\": 1,\r\n      \"col\": 0,\r\n      \"colspan\": 12,\r\n      \"offsetx\": 0,\r\n      \"offsety\": 0,\r\n      \"spaceabove\": 0,\r\n      \"spacebelow\": 0,\r\n      \"yvel\": 1,\r\n      \"push\": 0,\r\n      \"relid\": 9,\r\n      \"dosync\": false\r\n    },\r\n    {\r\n      \"type\": \"carousel\",\r\n      \"cont\": \"\",\r\n      \"align\": \"top\",\r\n      \"row\": 2,\r\n      \"col\": 0,\r\n      \"colspan\": 12,\r\n      \"offsetx\": 0,\r\n      \"offsety\": 0,\r\n      \"spaceabove\": 0,\r\n      \"spacebelow\": 0,\r\n      \"yvel\": 1,\r\n      \"push\": 0,\r\n      \"relid\": 2188,\r\n      \"carousel_options\": {\r\n        \"random\": false,\r\n        \"autoplay\": false,\r\n        \"showMultipleSlides\": false,\r\n        \"freeScroll\": false,\r\n        \"size\": \"aspectRatioOfFirstElement\",\r\n        \"slidesWidth\": \"null\",\r\n        \"transition\": \"fading\",\r\n        \"loop\": \"1\",\r\n        \"spaceBetween\": 0\r\n      },\r\n      \"carousel\": [\r\n        {\r\n          \"type\": \"img\",\r\n          \"attid\": 1244,\r\n          \"cont\": \"\/wp-content\/uploads\/2021\/03\/ECO-logy-ECO-nomy_1-05-1.svg\",\r\n          \"sizes\": {\r\n            \"full\": \"\/wp-content\/uploads\/2021\/03\/ECO-logy-ECO-nomy_1-05-1.svg\"\r\n          },\r\n          \"w\": 391.07,\r\n          \"h\": 391.18,\r\n          \"ar\": 1.000281279566318,\r\n          \"alt\": \"\",\r\n          \"caption\": \"<p class=\\\"_Captions\\\" style=\\\"padding-right: 8%;\\\"><span style=\\\"font-family: Lars-Regular;\\\">ECO-LOGY DOMINERER<br \/><\/span>Penge kanaliseres ind i naturen, men g\u00f8res ikke \u00f8konomisk b\u00e6redygtigt<\/p>\"\r\n        },\r\n        {\r\n          \"type\": \"img\",\r\n          \"attid\": 1245,\r\n          \"cont\": \"\/wp-content\/uploads\/2021\/03\/ECO-logy-ECO-nomy_2-06-1.svg\",\r\n          \"sizes\": {\r\n            \"full\": \"\/wp-content\/uploads\/2021\/03\/ECO-logy-ECO-nomy_2-06-1.svg\"\r\n          },\r\n          \"w\": 391.18,\r\n          \"h\": 391.18,\r\n          \"ar\": 1,\r\n          \"alt\": \"\",\r\n          \"caption\": \"<p class=\\\"_Captions\\\" style=\\\"padding-right: 8%;\\\"><span style=\\\"font-family: Lars-LightItalic;\\\"><span style=\\\"font-family: Lars-Regular;\\\">ECO-NOMY DOMINERER<br \/>Vi udpiner naturens ressourcer for at skabe kortsigtet \u00f8konomisk v\u00e6kst<\/span><\/span><\/p><p class=\\\"_Captions\\\" style=\\\"padding-right: 8%;\\\"><span style=\\\"font-family: Lars-LightItalic;\\\">\u00a0<\/span><\/p>\"\r\n        },\r\n        {\r\n          \"type\": \"img\",\r\n          \"attid\": 1246,\r\n          \"cont\": \"\/wp-content\/uploads\/2021\/03\/ECO-logy-ECO-nomy_3-04.svg\",\r\n          \"sizes\": {\r\n            \"full\": \"\/wp-content\/uploads\/2021\/03\/ECO-logy-ECO-nomy_3-04.svg\"\r\n          },\r\n          \"w\": 391.18,\r\n          \"h\": 391.18,\r\n          \"ar\": 1,\r\n          \"alt\": \"\",\r\n          \"caption\": \"<p class=\\\"_Captions\\\" style=\\\"padding-right: 8%;\\\"><span style=\\\"font-family: Lars-Regular;\\\">ECO-LOGY OG ECO-NOMY I \u00c6KVILIBRIUM<\/span><br \/>Langsigtede \u00f8konomiske investeringer kanaliseres ind i ECO-logy, der fungerer som l\u00f8ftestang for yderligere investeringer for at opretholde jorden i balance<\/p>\"\r\n        }\r\n      ]\r\n    }\r\n  ]\r\n}","_links":{"self":[{"href":"https:\/\/kajkjaerflorafauna.com\/da\/wp-json\/wp\/v2\/pages\/319","targetHints":{"allow":["GET"]}}],"collection":[{"href":"https:\/\/kajkjaerflorafauna.com\/da\/wp-json\/wp\/v2\/pages"}],"about":[{"href":"https:\/\/kajkjaerflorafauna.com\/da\/wp-json\/wp\/v2\/types\/page"}],"author":[{"embeddable":true,"href":"https:\/\/kajkjaerflorafauna.com\/da\/wp-json\/wp\/v2\/users\/1"}],"replies":[{"embeddable":true,"href":"https:\/\/kajkjaerflorafauna.com\/da\/wp-json\/wp\/v2\/comments?post=319"}],"version-history":[{"count":0,"href":"https:\/\/kajkjaerflorafauna.com\/da\/wp-json\/wp\/v2\/pages\/319\/revisions"}],"wp:attachment":[{"href":"https:\/\/kajkjaerflorafauna.com\/da\/wp-json\/wp\/v2\/media?parent=319"}],"curies":[{"name":"wp","href":"https:\/\/api.w.org\/{rel}","templated":true}]}}