{"id":321,"date":"2020-05-04T10:19:25","date_gmt":"2020-05-04T10:19:25","guid":{"rendered":"https:\/\/kajkjaerflorafauna.com\/?page_id=321"},"modified":"2020-12-01T14:59:27","modified_gmt":"2020-12-01T14:59:27","slug":"articles-of-association","status":"publish","type":"page","link":"https:\/\/kajkjaerflorafauna.com\/da\/articles-of-association\/","title":{"rendered":"Fundats"},"content":{"rendered":"","protected":false},"excerpt":{"rendered":"","protected":false},"author":1,"featured_media":0,"parent":0,"menu_order":0,"comment_status":"closed","ping_status":"closed","template":"","meta":[],"class_list":["post-321","page","type-page","status-publish","hentry"],"grid":"{\r\n  \"colCount\": 24,\r\n  \"colGutter\": 2.5,\r\n  \"rowGutters\": [\r\n    0\r\n  ],\r\n  \"frameMargin\": 4,\r\n  \"topFrameMargin\": 135,\r\n  \"bottomFrameMargin\": 6,\r\n  \"rowAttrs\": [\r\n    {},\r\n    {}\r\n  ],\r\n  \"bgColor\": \"#000000\",\r\n  \"cont\": [\r\n    {\r\n      \"type\": \"text\",\r\n      \"cont\": \"<h1 class=\\\"_Titler\\\">FUNDATS<\/h1>\",\r\n      \"align\": \"top\",\r\n      \"row\": 0,\r\n      \"col\": 0,\r\n      \"colspan\": 24,\r\n      \"offsetx\": 0,\r\n      \"offsety\": 0,\r\n      \"spaceabove\": 0,\r\n      \"spacebelow\": 0,\r\n      \"yvel\": 1,\r\n      \"push\": 0,\r\n      \"relid\": 11,\r\n      \"frameOverflow\": \"\"\r\n    },\r\n    {\r\n      \"type\": \"stack\",\r\n      \"cont\": [\r\n        {\r\n          \"type\": \"text\",\r\n          \"cont\": \"<p class=\\\"_Text\\\"><span class=\\\"s1\\\" style=\\\"color: #ffffff; letter-spacing: 0.04em;\\\"><br \/><br \/><br \/>ARTIKEL 1<br \/><br \/><\/span><span style=\\\"letter-spacing: 0em;\\\">Fondens form\u00e5l er almennyttigt og er at arbejde for at st\u00f8tte naturens bevarelse og udvikling, de vilde dyr og planters beskyttelse samt at skabe omr\u00e5der, hvor naturen skal udvikle sig i vidt omfang p\u00e5 egne pr\u00e6misser. Dette form\u00e5l skal s\u00f8ges opn\u00e5et ved:<\/span><br \/><br \/><\/p>\",\r\n          \"align\": \"top\",\r\n          \"row\": -1,\r\n          \"col\": 2,\r\n          \"colspan\": 9,\r\n          \"offsetx\": 0,\r\n          \"offsety\": 0,\r\n          \"spaceabove\": 0,\r\n          \"spacebelow\": 0,\r\n          \"yvel\": 1,\r\n          \"push\": 2,\r\n          \"relid\": 9,\r\n          \"frameOverflow\": \"\",\r\n          \"dosync\": false\r\n        },\r\n        {\r\n          \"type\": \"text\",\r\n          \"cont\": \"<ol class=\\\"_Text\\\" type=\\\"a\\\"><li><span style=\\\"letter-spacing: 0em;\\\"> at erhverve, eje og drive naturarealer, herunder landbrugsarealer, der bliver omlagt til natur,<\/span><br \/><br \/><\/li><li><span style=\\\"letter-spacing: 0em;\\\"> at foretage og st\u00f8tte genopretningsprojekter fortrinsvist i relation til de af fonden ejede naturarealer,<\/span><br \/><br \/><\/li><li><span style=\\\"letter-spacing: 0em;\\\"> at erhverve enhver type af fast ejendom, i forskningsm\u00e6ssige \u00f8jemed, til rekreation og i erhvervsm\u00e6ssige \u00f8jemed, herunder udlejning, bortforpagtning og salg,<\/span><br \/><br \/><\/li><li><span style=\\\"letter-spacing: 0em;\\\"> at yde st\u00f8tte til forsknings- og formidlingsprojekter med tilknytning til bevarelsen og udviklingen af naturen i fortrinsvist de omr\u00e5der fonden ejer, <\/span><br \/><br \/><\/li><li><span style=\\\"letter-spacing: 0em;\\\"> at yde tilskud til samfundsgavnlige form\u00e5l i tilknytning til de f\u00f8rn\u00e6vnte form\u00e5l.<\/span><\/li><\/ol>\",\r\n          \"align\": \"top\",\r\n          \"row\": -1,\r\n          \"col\": 3,\r\n          \"colspan\": 8,\r\n          \"offsetx\": 0,\r\n          \"offsety\": 0,\r\n          \"spaceabove\": 0,\r\n          \"spacebelow\": 0,\r\n          \"yvel\": 1,\r\n          \"push\": 3,\r\n          \"relid\": 10,\r\n          \"dosync\": false\r\n        }\r\n      ],\r\n      \"align\": \"top\",\r\n      \"row\": 1,\r\n      \"col\": 0,\r\n      \"colspan\": 12,\r\n      \"offsetx\": 0,\r\n      \"offsety\": 0,\r\n      \"spaceabove\": 0,\r\n      \"spacebelow\": 0,\r\n      \"yvel\": 1,\r\n      \"push\": 0,\r\n      \"relid\": 7,\r\n      \"frameOverflow\": \"\"\r\n    },\r\n    {\r\n      \"type\": \"text\",\r\n      \"cont\": \"<p class=\\\"_Text\\\"><br \/><br \/><br \/><span style=\\\"letter-spacing: 0.04em;\\\">ARTIKEL 2<br \/><\/span><br \/>Virksomheden og fondens form\u00e5l kan ud\u00f8ves enten direkte af fonden, gennem datterselskaber, gennem selvst\u00e6ndige organisationer, foreninger, virksomheder og gennem andre samarbejdspartnere.<\/p><p class=\\\"_Text\\\"><br \/><span style=\\\"letter-spacing: 0.04em;\\\">ARTIKEL 3<br \/><\/span><br \/>Form\u00e5let kan realiseres ved, at fonden, herunder i datterselskaber, driver enhver form for erhvervsvirksomhed og aktivitet, der ikke i v\u00e6sentlig grad er i modstrid med form\u00e5let samt ved modtagelse af donationer.<\/p><p class=\\\"_Text\\\"><br \/><span style=\\\"letter-spacing: 0.04em;\\\">ARTIKEL 4<br \/><\/span><br \/>De arealer, som fondens midler til enhver tid underst\u00f8tter, uanset om de er i fondens eje eller i andres eje, m\u00e5 p\u00e5 intet tidspunkt g\u00f8res til genstand for offentligt eller privat jagt eller fiskeri. Bestyrelsen skal ved indg\u00e5else af aftaler l\u00f8bende p\u00e5se, at fondens samarbejdspartnere overholder dette p\u00e5bud og i \u00f8vrigt virker for opfyldelse af det.<\/p><p class=\\\"_Text\\\">Bestyrelsen kan efter anbefaling fra bestyrelsens naturlige faglige medlem helt undtagelsesvist og i enkeltst\u00e5ende tilf\u00e6lde give tilladelse til nedl\u00e6gning af omr\u00e5dernes dyrebestand og fiskeri, s\u00e5fremt det er begrundet i strengt natur forvaltningsm\u00e6ssige eller dyreetiske hensyn.<\/p>\",\r\n      \"align\": \"top\",\r\n      \"row\": 1,\r\n      \"col\": 12,\r\n      \"colspan\": 9,\r\n      \"offsetx\": 0,\r\n      \"offsety\": 0,\r\n      \"spaceabove\": 0,\r\n      \"spacebelow\": 0,\r\n      \"yvel\": 1,\r\n      \"push\": 0,\r\n      \"relid\": 4,\r\n      \"frameOverflow\": \"\",\r\n      \"dosync\": false\r\n    }\r\n  ]\r\n}","phonegrid":"{\r\n  \"colCount\": 12,\r\n  \"colGutter\": 1,\r\n  \"rowGutters\": [\r\n    10\r\n  ],\r\n  \"frameMargin\": 5,\r\n  \"topFrameMargin\": 22,\r\n  \"bottomFrameMargin\": 15,\r\n  \"rowAttrs\": [\r\n    {},\r\n    {}\r\n  ],\r\n  \"bgColor\": null,\r\n  \"cont\": [\r\n    {\r\n      \"type\": \"text\",\r\n      \"cont\": \"<h1 class=\\\"_Titler\\\">FUNDATS<\/h1>\",\r\n      \"align\": \"bottom\",\r\n      \"row\": 0,\r\n      \"col\": 0,\r\n      \"colspan\": 12,\r\n      \"offsetx\": 0,\r\n      \"offsety\": 0,\r\n      \"spaceabove\": 0,\r\n      \"spacebelow\": 0,\r\n      \"yvel\": 1,\r\n      \"push\": 0,\r\n      \"relid\": 11,\r\n      \"frameOverflow\": \"\"\r\n    },\r\n    {\r\n      \"type\": \"stack\",\r\n      \"cont\": [\r\n        {\r\n          \"type\": \"text\",\r\n          \"cont\": \"<p class=\\\"_Text\\\"><span class=\\\"s1\\\" style=\\\"color: #ffffff; letter-spacing: 0.04em;\\\">ARTIKEL 1<br \/><br \/><\/span><span style=\\\"letter-spacing: 0em;\\\">Fondens form\u00e5l er almennyttigt og er at arbejde for at st\u00f8tte naturens bevarelse og udvikling, de vilde dyr og planters beskyttelse samt at skabe omr\u00e5der, hvor naturen skal udvikle sig i vidt omfang p\u00e5 egne pr\u00e6misser. Dette form\u00e5l skal s\u00f8ges opn\u00e5et ved:<\/span><br \/><br \/><\/p>\",\r\n          \"align\": \"bottom\",\r\n          \"row\": -1,\r\n          \"col\": 0,\r\n          \"colspan\": 12,\r\n          \"offsetx\": 0,\r\n          \"offsety\": 0,\r\n          \"spaceabove\": 0,\r\n          \"spacebelow\": 0,\r\n          \"yvel\": 1,\r\n          \"push\": 0,\r\n          \"relid\": 9,\r\n          \"frameOverflow\": \"\",\r\n          \"dosync\": false\r\n        },\r\n        {\r\n          \"type\": \"text\",\r\n          \"cont\": \"<ol class=\\\"_Text\\\" type=\\\"a\\\"><li><span style=\\\"letter-spacing: 0em;\\\">at erhverve, eje og drive naturarealer, herunder landbrugsarealer, der bliver omlagt til natur,<\/span><br \/><br \/><\/li><li><span style=\\\"letter-spacing: 0em;\\\">at foretage og st\u00f8tte genopretningsprojekter fortrinsvist i relation til de af fonden ejede naturarealer,<\/span><br \/><br \/><\/li><li><span style=\\\"letter-spacing: 0em;\\\">at erhverve enhver type af fast ejendom, i forskningsm\u00e6ssige \u00f8jemed, til rekreation og i erhvervsm\u00e6ssige \u00f8jemed, herunder udlejning, bortforpagtning og salg,<\/span><br \/><br \/><\/li><li><span style=\\\"letter-spacing: 0em;\\\">at yde st\u00f8tte til forsknings- og formidlingsprojekter med tilknytning til bevarelsen og udviklingen af naturen i fortrinsvist de omr\u00e5der fonden ejer,<\/span><br \/><br \/><\/li><li><span style=\\\"letter-spacing: 0em;\\\">at yde tilskud til samfundsgavnlige form\u00e5l i tilknytning til de f\u00f8rn\u00e6vnte form\u00e5l.<\/span><\/li><\/ol>\",\r\n          \"align\": \"bottom\",\r\n          \"row\": -1,\r\n          \"col\": 1,\r\n          \"colspan\": 11,\r\n          \"offsetx\": 0,\r\n          \"offsety\": 0,\r\n          \"spaceabove\": 0,\r\n          \"spacebelow\": 0,\r\n          \"yvel\": 1,\r\n          \"push\": 1,\r\n          \"relid\": 6\r\n        },\r\n        {\r\n          \"type\": \"text\",\r\n          \"cont\": \"<p class=\\\"_Text\\\">\u00a0<\/p><p class=\\\"_Text\\\"><span style=\\\"letter-spacing: 0.05em;\\\">ARTIKEL 2<br \/><\/span><br \/>Virksomheden og fondens form\u00e5l kan ud\u00f8ves enten direkte af fonden, gennem datterselskaber, gennem selvst\u00e6ndige organisationer, foreninger, virksomheder og gennem andre samarbejdspartnere.<\/p><p class=\\\"_Text\\\"><br \/><span style=\\\"letter-spacing: 0.05em;\\\">ARTIKEL 3<br \/><\/span><br \/>Form\u00e5let kan realiseres ved, at fonden, herunder i datterselskaber, driver enhver form for erhvervsvirksomhed og aktivitet, der ikke i v\u00e6sentlig grad er i modstrid med form\u00e5let samt ved modtagelse af donationer.<\/p><p class=\\\"_Text\\\"><br \/><span style=\\\"letter-spacing: 0.04em;\\\">ARTIKEL 4<br \/><br \/><\/span>De arealer, som fondens midler til enhver tid underst\u00f8tter, uanset om de er i fondens eje eller i andres eje, m\u00e5 p\u00e5 intet tidspunkt g\u00f8res til genstand for offentligt eller privat jagt eller fiskeri. Bestyrelsen skal ved indg\u00e5else af aftaler l\u00f8bende p\u00e5se, at fondens samarbejdspartnere overholder dette p\u00e5bud og i \u00f8vrigt virker for opfyldelse af det.<\/p><p class=\\\"_Text\\\">Bestyrelsen kan efter anbefaling fra bestyrelsens naturlige faglige medlem helt undtagelsesvist og i enkeltst\u00e5ende tilf\u00e6lde give tilladelse til nedl\u00e6gning af omr\u00e5dernes dyrebestand og fiskeri, s\u00e5fremt det er begrundet i strengt natur forvaltningsm\u00e6ssige eller dyreetiske hensyn.<\/p>\",\r\n          \"align\": \"bottom\",\r\n          \"row\": -1,\r\n          \"col\": 0,\r\n          \"colspan\": 12,\r\n          \"offsetx\": 0,\r\n          \"offsety\": 0,\r\n          \"spaceabove\": 0,\r\n          \"spacebelow\": 0,\r\n          \"yvel\": 1,\r\n          \"push\": 0,\r\n          \"relid\": 8\r\n        }\r\n      ],\r\n      \"align\": \"bottom\",\r\n      \"row\": 1,\r\n      \"col\": 0,\r\n      \"colspan\": 12,\r\n      \"offsetx\": 0,\r\n      \"offsety\": 0,\r\n      \"spaceabove\": 0,\r\n      \"spacebelow\": 0,\r\n      \"yvel\": 1,\r\n      \"push\": 0,\r\n      \"relid\": 5,\r\n      \"frameOverflow\": \"\"\r\n    }\r\n  ]\r\n}","_links":{"self":[{"href":"https:\/\/kajkjaerflorafauna.com\/da\/wp-json\/wp\/v2\/pages\/321","targetHints":{"allow":["GET"]}}],"collection":[{"href":"https:\/\/kajkjaerflorafauna.com\/da\/wp-json\/wp\/v2\/pages"}],"about":[{"href":"https:\/\/kajkjaerflorafauna.com\/da\/wp-json\/wp\/v2\/types\/page"}],"author":[{"embeddable":true,"href":"https:\/\/kajkjaerflorafauna.com\/da\/wp-json\/wp\/v2\/users\/1"}],"replies":[{"embeddable":true,"href":"https:\/\/kajkjaerflorafauna.com\/da\/wp-json\/wp\/v2\/comments?post=321"}],"version-history":[{"count":0,"href":"https:\/\/kajkjaerflorafauna.com\/da\/wp-json\/wp\/v2\/pages\/321\/revisions"}],"wp:attachment":[{"href":"https:\/\/kajkjaerflorafauna.com\/da\/wp-json\/wp\/v2\/media?parent=321"}],"curies":[{"name":"wp","href":"https:\/\/api.w.org\/{rel}","templated":true}]}}