{"id":325,"date":"2020-05-04T10:19:48","date_gmt":"2020-05-04T10:19:48","guid":{"rendered":"https:\/\/kajkjaerflorafauna.com\/?page_id=325"},"modified":"2021-04-28T08:36:13","modified_gmt":"2021-04-28T08:36:13","slug":"activities","status":"publish","type":"page","link":"https:\/\/kajkjaerflorafauna.com\/da\/activities\/","title":{"rendered":"Aktiviteter"},"content":{"rendered":"","protected":false},"excerpt":{"rendered":"","protected":false},"author":1,"featured_media":0,"parent":0,"menu_order":0,"comment_status":"closed","ping_status":"closed","template":"","meta":[],"class_list":["post-325","page","type-page","status-publish","hentry"],"grid":"{\r\n  \"colCount\": 12,\r\n  \"colGutter\": 2.5,\r\n  \"rowGutters\": [],\r\n  \"frameMargin\": 4,\r\n  \"topFrameMargin\": 135,\r\n  \"bottomFrameMargin\": 6,\r\n  \"rowAttrs\": [\r\n    {}\r\n  ],\r\n  \"bgColor\": \"#000000\",\r\n  \"cont\": [\r\n    {\r\n      \"type\": \"stack\",\r\n      \"cont\": [\r\n        {\r\n          \"type\": \"text\",\r\n          \"cont\": \"<h1 class=\\\"_Titler\\\">AKTIVITETER<br \/><br \/><span style=\\\"font-weight: 400;\\\">Kaj Kj\u00e6r Flora &amp; Fauna sikrer, at al rekreativ anvendelse af naturen konsekvent tilpasses naturens vilk\u00e5r ved aktivt at observere naturens tilstand p\u00e5 vores territorier.<\/span><\/h1>\",\r\n          \"align\": \"middle\",\r\n          \"row\": -1,\r\n          \"col\": 0,\r\n          \"colspan\": 6,\r\n          \"offsetx\": 0,\r\n          \"offsety\": 0,\r\n          \"spaceabove\": 0,\r\n          \"spacebelow\": 0,\r\n          \"yvel\": 1,\r\n          \"push\": 0,\r\n          \"relid\": 5,\r\n          \"dosync\": false\r\n        },\r\n        {\r\n          \"type\": \"text\",\r\n          \"cont\": \"<p class=\\\"_Text\\\"><span class=\\\"s1\\\"><br \/><br \/><br \/><\/span><span class=\\\"s1\\\"><span style=\\\"font-weight: 400;\\\">Vi vil skabe offentlig adgang til landskabet og forbinde vigtige kulturel -og naturpunkter, s\u00e5 hidtil uudnyttede natur-potentialer kan opleves i et varieret forl\u00f8b. Rekreativt brug skal altid ske p\u00e5 naturens pr\u00e6misser.<br \/><br \/>For at opfylde vores m\u00e5l om kommunikation, adgang og forskning har vi etableret en r\u00e6kke aktiviteter. <br \/><br \/><\/span><\/span>Vi tilbyder guidede ture\u00a0for at dele viden og sikre de de bedste interesser for naturen, gennem unikke naturoplevelser og formidling om kultur, landskab og natur. Vores guidede ture tilbydes til lokale borgere, turister, studerende og forskere og er med til at oplyse offentligheden om v\u00e6rdierne i naturomr\u00e5der og fondens arbejde. Kontakt <a href=\\\"mailto:anna@kkff.dk?subject=Booking af guidet tur p\u00e5 KKFF's arealer\\\">landskabsarkitekt Anna Falkentoft<\/a> for at h\u00f8re mere om vores guidede naturvandringer til fods eller p\u00e5 hesteryg.<br \/><br \/>Vi har etableret en skoletjeneste, hvor lokale folkeskoler j\u00e6vnligt deltager p\u00e5 guidede ture og til arrangementer, der deler viden om omr\u00e5det, fonden og dens natur.\u00a0<br \/><br \/>Vi tilbyder internationale studerende og forskere kort- og langtidsophold i vores refugier og p\u00e5 vores feltstationer. Forskerne udv\u00e6lges p\u00e5 baggrund af akademiske felt og evner til at monitorere Kaj Kj\u00e6r Flora &amp; Faunas territorier. I august 2019 blev det f\u00f8rste Kaj Kj\u00e6r Flora &amp; Fauna-legat tildelt. Her modtog vi en delegation p\u00e5 fem ph.d.-studerende fra tre kinesiske universiteter, der bes\u00f8gte vores omr\u00e5de ved Vesterhavet i et forskningsophold p\u00e5 to uger.<\/p><p class=\\\"_Text\\\"><span class=\\\"s1\\\">\u00a0<\/span><\/p>\",\r\n          \"align\": \"top\",\r\n          \"row\": -1,\r\n          \"col\": 1,\r\n          \"colspan\": 5,\r\n          \"offsetx\": 0,\r\n          \"offsety\": 0,\r\n          \"spaceabove\": 0,\r\n          \"spacebelow\": 0,\r\n          \"yvel\": 1,\r\n          \"push\": 1,\r\n          \"relid\": 6,\r\n          \"dosync\": false\r\n        }\r\n      ],\r\n      \"align\": \"top\",\r\n      \"row\": 0,\r\n      \"col\": 0,\r\n      \"colspan\": 6,\r\n      \"offsetx\": 0,\r\n      \"offsety\": 0,\r\n      \"spaceabove\": 0,\r\n      \"spacebelow\": 0,\r\n      \"yvel\": 1,\r\n      \"push\": 0,\r\n      \"relid\": 4,\r\n      \"frameOverflow\": \"\"\r\n    },\r\n    {\r\n      \"type\": \"stack\",\r\n      \"cont\": [\r\n        {\r\n          \"type\": \"img\",\r\n          \"cont\": \"\/wp-content\/uploads\/2020\/05\/IMG_4854_edit.jpg\",\r\n          \"align\": \"top\",\r\n          \"row\": -1,\r\n          \"col\": 0,\r\n          \"colspan\": 5,\r\n          \"offsetx\": 0,\r\n          \"offsety\": 0,\r\n          \"spaceabove\": 1,\r\n          \"spacebelow\": 0,\r\n          \"yvel\": 1,\r\n          \"push\": 0,\r\n          \"relid\": 520,\r\n          \"attid\": 446,\r\n          \"sizes\": {\r\n            \"full\": \"\/wp-content\/uploads\/2020\/05\/IMG_4854_edit.jpg\",\r\n            \"_2560\": \"\/wp-content\/uploads\/2020\/05\/IMG_4854_edit-2560x2715.jpg\",\r\n            \"_1920\": \"\/wp-content\/uploads\/2020\/05\/IMG_4854_edit-1920x2036.jpg\",\r\n            \"_1280\": \"\/wp-content\/uploads\/2020\/05\/IMG_4854_edit-1280x1357.jpg\",\r\n            \"_1024\": \"\/wp-content\/uploads\/2020\/05\/IMG_4854_edit-1024x1086.jpg\",\r\n            \"_768\": \"\/wp-content\/uploads\/2020\/05\/IMG_4854_edit-768x814.jpg\",\r\n            \"_512\": \"\/wp-content\/uploads\/2020\/05\/IMG_4854_edit-512x543.jpg\",\r\n            \"_265\": \"\/wp-content\/uploads\/2020\/05\/IMG_4854_edit-265x281.jpg\"\r\n          },\r\n          \"w\": 2941,\r\n          \"h\": 3119,\r\n          \"ar\": 1.060523631417885,\r\n          \"alt\": \"\",\r\n          \"dosync\": false\r\n        },\r\n        {\r\n          \"type\": \"text\",\r\n          \"cont\": \"<p class=\\\"_Captions\\\">\u2198\u00a0 Nye vandhuller kommer til syne p\u00e5 marken.<\/p>\",\r\n          \"align\": \"middle\",\r\n          \"row\": -1,\r\n          \"col\": 0,\r\n          \"colspan\": 5,\r\n          \"offsetx\": 0,\r\n          \"offsety\": 0,\r\n          \"spaceabove\": 0.9,\r\n          \"spacebelow\": 0,\r\n          \"yvel\": 1,\r\n          \"push\": 0,\r\n          \"relid\": 521,\r\n          \"dosync\": false\r\n        },\r\n        {\r\n          \"type\": \"html5video\",\r\n          \"cont\": \"\/wp-content\/uploads\/2020\/05\/Screenshot-2020-05-11-at-16.59.19.png\",\r\n          \"align\": \"top\",\r\n          \"row\": -1,\r\n          \"col\": 0,\r\n          \"colspan\": 5,\r\n          \"offsetx\": 0,\r\n          \"offsety\": 0,\r\n          \"spaceabove\": 2,\r\n          \"spacebelow\": 0,\r\n          \"yvel\": 1,\r\n          \"push\": 0,\r\n          \"relid\": 986,\r\n          \"autoplay\": true,\r\n          \"loop\": true,\r\n          \"mute\": true,\r\n          \"controls\": false,\r\n          \"playpauseonclick\": false,\r\n          \"playicon\": false,\r\n          \"ar\": 0.564,\r\n          \"h\": 564,\r\n          \"w\": 1000,\r\n          \"mp4\": \"\/wp-content\/uploads\/2020\/05\/Salamandere.mp4\",\r\n          \"filename\": \"Salamandere.mp4\",\r\n          \"sizes\": {\r\n            \"full\": \"\/wp-content\/uploads\/2020\/05\/Screenshot-2020-05-11-at-16.59.19.png\",\r\n            \"_1920\": \"\/wp-content\/uploads\/2020\/05\/Screenshot-2020-05-11-at-16.59.19-1920x1070.png\",\r\n            \"_1280\": \"\/wp-content\/uploads\/2020\/05\/Screenshot-2020-05-11-at-16.59.19-1280x713.png\",\r\n            \"_1024\": \"\/wp-content\/uploads\/2020\/05\/Screenshot-2020-05-11-at-16.59.19-1024x571.png\",\r\n            \"_768\": \"\/wp-content\/uploads\/2020\/05\/Screenshot-2020-05-11-at-16.59.19-768x428.png\",\r\n            \"_512\": \"\/wp-content\/uploads\/2020\/05\/Screenshot-2020-05-11-at-16.59.19-512x285.png\",\r\n            \"_265\": \"\/wp-content\/uploads\/2020\/05\/Screenshot-2020-05-11-at-16.59.19-265x148.png\"\r\n          },\r\n          \"imgar\": 0.5572998430141287,\r\n          \"muteDisabled\": \"disabled\",\r\n          \"mp4attid\": 477,\r\n          \"imgh\": 1420,\r\n          \"imgw\": 2548,\r\n          \"imgattid\": 447,\r\n          \"dosync\": false\r\n        },\r\n        {\r\n          \"type\": \"text\",\r\n          \"cont\": \"<p class=\\\"_Captions\\\">\u2198\u00a0 Sm\u00e5 vandsalamandere dukker op i s\u00f8en syd for Klondyke-skoven, 2020.<\/p>\",\r\n          \"align\": \"top\",\r\n          \"row\": -1,\r\n          \"col\": 0,\r\n          \"colspan\": 5,\r\n          \"offsetx\": 0,\r\n          \"offsety\": 0,\r\n          \"spaceabove\": 0.9,\r\n          \"spacebelow\": 0,\r\n          \"yvel\": 1,\r\n          \"push\": 0,\r\n          \"relid\": 8,\r\n          \"dosync\": false\r\n        }\r\n      ],\r\n      \"align\": \"top\",\r\n      \"row\": 0,\r\n      \"col\": 7,\r\n      \"colspan\": 5,\r\n      \"offsetx\": 0,\r\n      \"offsety\": 0,\r\n      \"spaceabove\": 0,\r\n      \"spacebelow\": 0,\r\n      \"yvel\": 1,\r\n      \"push\": 1,\r\n      \"relid\": 7,\r\n      \"frameOverflow\": \"\"\r\n    }\r\n  ]\r\n}","phonegrid":"{\r\n  \"colCount\": 12,\r\n  \"colGutter\": 1,\r\n  \"rowGutters\": [\r\n    10,\r\n    10,\r\n    2,\r\n    10,\r\n    2\r\n  ],\r\n  \"frameMargin\": 5,\r\n  \"topFrameMargin\": 22,\r\n  \"bottomFrameMargin\": 15,\r\n  \"rowAttrs\": [\r\n    {},\r\n    {},\r\n    {},\r\n    {},\r\n    {},\r\n    {}\r\n  ],\r\n  \"bgColor\": \"#000000\",\r\n  \"cont\": [\r\n    {\r\n      \"type\": \"text\",\r\n      \"cont\": \"<h1 class=\\\"_Titler\\\">AKTIVITETER<br \/><br \/><span style=\\\"font-weight: 400;\\\">Kaj Kj\u00e6r Flora &amp; Fauna sikrer, at al rekreativ anvendelse af naturen konsekvent tilpasses naturens vilk\u00e5r ved aktivt at observere naturens tilstand p\u00e5 vores territorier.<\/span><\/h1>\",\r\n      \"align\": \"bottom\",\r\n      \"row\": 0,\r\n      \"col\": 0,\r\n      \"colspan\": 12,\r\n      \"offsetx\": 0,\r\n      \"offsety\": 0,\r\n      \"spaceabove\": 0,\r\n      \"spacebelow\": 0,\r\n      \"yvel\": 1,\r\n      \"push\": 0,\r\n      \"relid\": 5,\r\n      \"dosync\": false\r\n    },\r\n    {\r\n      \"type\": \"text\",\r\n      \"cont\": \"<p class=\\\"_Text\\\"><span class=\\\"s1\\\"><span style=\\\"font-weight: 400;\\\">Vi vil skabe offentlig adgang til landskabet og forbinde vigtige kulturel -og naturpunkter, s\u00e5 hidtil uudnyttede natur-potentialer kan opleves i et varieret forl\u00f8b. Rekreativt brug skal altid ske p\u00e5 naturens pr\u00e6misser.<br \/><br \/>For at opfylde vores m\u00e5l om kommunikation, adgang og forskning har vi etableret en r\u00e6kke aktiviteter. <br \/><br \/><\/span><\/span>Vi tilbyder guidede ture til fods og p\u00e5 hesteryg, for at dele viden og sikre de de bedste interesser for naturen, gennem unikke naturoplevelser og formidling om kultur, landskab og natur. Vores guidede ture tilbydes til lokale borgere, turister, studerende og forskere og er med til at oplyse offentligheden om v\u00e6rdierne i naturomr\u00e5der og fondens arbejde. Kontakt <a href=\\\"mailto:mf@kkff.dk?subject=Booking af guidet tur p\u00e5 KKFF's arealer\\\">sekretariatschef Marianne Fisker<\/a> for at h\u00f8re mere om vores guidede naturvandringer til fods eller p\u00e5 hesteryg.<br \/><br \/>Vi har etableret en skoletjeneste, hvor lokale folkeskoler j\u00e6vnligt deltager p\u00e5 guidede ture og til arrangementer, der deler viden om omr\u00e5det, fonden og dens natur.\u00a0\u00a0<br \/><br \/>Vi tilbyder internationale studerende og forskere kort- og langtidsophold i vores refugier og p\u00e5 vores feltstationer. Forskerne udv\u00e6lges p\u00e5 baggrund af akademiske felt og evner til at monitorere Kaj Kj\u00e6r Flora &amp; Faunas territorier. I august 2019 blev det f\u00f8rste Kaj Kj\u00e6r Flora &amp; Fauna-legat tildelt. Her modtog vi en delegation p\u00e5 fem ph.d.-studerende fra tre kinesiske universiteter, der bes\u00f8gte vores omr\u00e5de ved Vesterhavet i et forskningsophold p\u00e5 to uger.<\/p>\",\r\n      \"align\": \"bottom\",\r\n      \"row\": 1,\r\n      \"col\": 0,\r\n      \"colspan\": 12,\r\n      \"offsetx\": 0,\r\n      \"offsety\": 0,\r\n      \"spaceabove\": 0,\r\n      \"spacebelow\": 0,\r\n      \"yvel\": 1,\r\n      \"push\": 0,\r\n      \"relid\": 6,\r\n      \"dosync\": false\r\n    },\r\n    {\r\n      \"type\": \"img\",\r\n      \"cont\": \"\/wp-content\/uploads\/2020\/05\/IMG_4854_edit.jpg\",\r\n      \"align\": \"bottom\",\r\n      \"row\": 2,\r\n      \"col\": 0,\r\n      \"colspan\": 12,\r\n      \"offsetx\": 0,\r\n      \"offsety\": 0,\r\n      \"spaceabove\": 0,\r\n      \"spacebelow\": 0,\r\n      \"yvel\": 1,\r\n      \"push\": 0,\r\n      \"relid\": 520,\r\n      \"attid\": 446,\r\n      \"sizes\": {\r\n        \"full\": \"\/wp-content\/uploads\/2020\/05\/IMG_4854_edit.jpg\",\r\n        \"_2560\": \"\/wp-content\/uploads\/2020\/05\/IMG_4854_edit-2560x2715.jpg\",\r\n        \"_1920\": \"\/wp-content\/uploads\/2020\/05\/IMG_4854_edit-1920x2036.jpg\",\r\n        \"_1280\": \"\/wp-content\/uploads\/2020\/05\/IMG_4854_edit-1280x1357.jpg\",\r\n        \"_1024\": \"\/wp-content\/uploads\/2020\/05\/IMG_4854_edit-1024x1086.jpg\",\r\n        \"_768\": \"\/wp-content\/uploads\/2020\/05\/IMG_4854_edit-768x814.jpg\",\r\n        \"_512\": \"\/wp-content\/uploads\/2020\/05\/IMG_4854_edit-512x543.jpg\",\r\n        \"_265\": \"\/wp-content\/uploads\/2020\/05\/IMG_4854_edit-265x281.jpg\"\r\n      },\r\n      \"w\": 2941,\r\n      \"h\": 3119,\r\n      \"ar\": 1.060523631417885,\r\n      \"alt\": \"\",\r\n      \"dosync\": false\r\n    },\r\n    {\r\n      \"type\": \"text\",\r\n      \"cont\": \"<p class=\\\"_Captions\\\">\u2192 Nye vandhuller kommer til syne p\u00e5 marken.<\/p>\",\r\n      \"align\": \"bottom\",\r\n      \"row\": 3,\r\n      \"col\": 0,\r\n      \"colspan\": 12,\r\n      \"offsetx\": 0,\r\n      \"offsety\": 0,\r\n      \"spaceabove\": 0,\r\n      \"spacebelow\": 0,\r\n      \"yvel\": 1,\r\n      \"push\": 0,\r\n      \"relid\": 521,\r\n      \"dosync\": false\r\n    },\r\n    {\r\n      \"type\": \"html5video\",\r\n      \"cont\": \"\/wp-content\/uploads\/2020\/05\/Screenshot-2020-05-11-at-16.59.19.png\",\r\n      \"align\": \"bottom\",\r\n      \"row\": 4,\r\n      \"col\": 0,\r\n      \"colspan\": 12,\r\n      \"offsetx\": 0,\r\n      \"offsety\": 0,\r\n      \"spaceabove\": 0,\r\n      \"spacebelow\": 0,\r\n      \"yvel\": 1,\r\n      \"push\": 0,\r\n      \"relid\": 986,\r\n      \"autoplay\": true,\r\n      \"loop\": true,\r\n      \"mute\": true,\r\n      \"controls\": false,\r\n      \"playpauseonclick\": false,\r\n      \"playicon\": false,\r\n      \"ar\": 0.564,\r\n      \"h\": 564,\r\n      \"w\": 1000,\r\n      \"mp4\": \"\/wp-content\/uploads\/2020\/05\/Salamandere.mp4\",\r\n      \"filename\": \"Salamandere.mp4\",\r\n      \"sizes\": {\r\n        \"full\": \"\/wp-content\/uploads\/2020\/05\/Screenshot-2020-05-11-at-16.59.19.png\",\r\n        \"_1920\": \"\/wp-content\/uploads\/2020\/05\/Screenshot-2020-05-11-at-16.59.19-1920x1070.png\",\r\n        \"_1280\": \"\/wp-content\/uploads\/2020\/05\/Screenshot-2020-05-11-at-16.59.19-1280x713.png\",\r\n        \"_1024\": \"\/wp-content\/uploads\/2020\/05\/Screenshot-2020-05-11-at-16.59.19-1024x571.png\",\r\n        \"_768\": \"\/wp-content\/uploads\/2020\/05\/Screenshot-2020-05-11-at-16.59.19-768x428.png\",\r\n        \"_512\": \"\/wp-content\/uploads\/2020\/05\/Screenshot-2020-05-11-at-16.59.19-512x285.png\",\r\n        \"_265\": \"\/wp-content\/uploads\/2020\/05\/Screenshot-2020-05-11-at-16.59.19-265x148.png\"\r\n      },\r\n      \"imgar\": 0.5572998430141287,\r\n      \"muteDisabled\": \"disabled\",\r\n      \"mp4attid\": 477,\r\n      \"imgh\": 1420,\r\n      \"imgw\": 2548,\r\n      \"imgattid\": 447,\r\n      \"dosync\": false\r\n    },\r\n    {\r\n      \"type\": \"text\",\r\n      \"cont\": \"<p class=\\\"_Captions\\\">\u2192 Sm\u00e5 vandsalamandere dukker op i s\u00f8en syd for Klondyke-skoven, 2020.<\/p>\",\r\n      \"align\": \"bottom\",\r\n      \"row\": 5,\r\n      \"col\": 0,\r\n      \"colspan\": 12,\r\n      \"offsetx\": 0,\r\n      \"offsety\": 0,\r\n      \"spaceabove\": 0,\r\n      \"spacebelow\": 0,\r\n      \"yvel\": 1,\r\n      \"push\": 0,\r\n      \"relid\": 8,\r\n      \"dosync\": false\r\n    }\r\n  ]\r\n}","_links":{"self":[{"href":"https:\/\/kajkjaerflorafauna.com\/da\/wp-json\/wp\/v2\/pages\/325","targetHints":{"allow":["GET"]}}],"collection":[{"href":"https:\/\/kajkjaerflorafauna.com\/da\/wp-json\/wp\/v2\/pages"}],"about":[{"href":"https:\/\/kajkjaerflorafauna.com\/da\/wp-json\/wp\/v2\/types\/page"}],"author":[{"embeddable":true,"href":"https:\/\/kajkjaerflorafauna.com\/da\/wp-json\/wp\/v2\/users\/1"}],"replies":[{"embeddable":true,"href":"https:\/\/kajkjaerflorafauna.com\/da\/wp-json\/wp\/v2\/comments?post=325"}],"version-history":[{"count":0,"href":"https:\/\/kajkjaerflorafauna.com\/da\/wp-json\/wp\/v2\/pages\/325\/revisions"}],"wp:attachment":[{"href":"https:\/\/kajkjaerflorafauna.com\/da\/wp-json\/wp\/v2\/media?parent=325"}],"curies":[{"name":"wp","href":"https:\/\/api.w.org\/{rel}","templated":true}]}}