{"id":327,"date":"2020-05-04T10:20:08","date_gmt":"2020-05-04T10:20:08","guid":{"rendered":"https:\/\/kajkjaerflorafauna.com\/?page_id=327"},"modified":"2020-12-09T10:01:47","modified_gmt":"2020-12-09T10:01:47","slug":"history","status":"publish","type":"page","link":"https:\/\/kajkjaerflorafauna.com\/da\/history\/","title":{"rendered":"Vores historie"},"content":{"rendered":"","protected":false},"excerpt":{"rendered":"","protected":false},"author":1,"featured_media":0,"parent":0,"menu_order":0,"comment_status":"closed","ping_status":"closed","template":"","meta":[],"class_list":["post-327","page","type-page","status-publish","hentry"],"grid":"{\r\n  \"colCount\": 12,\r\n  \"colGutter\": 2.5,\r\n  \"rowGutters\": [],\r\n  \"frameMargin\": 4,\r\n  \"topFrameMargin\": 135,\r\n  \"bottomFrameMargin\": 6,\r\n  \"rowAttrs\": [\r\n    {}\r\n  ],\r\n  \"bgColor\": \"#000000\",\r\n  \"cont\": [\r\n    {\r\n      \"type\": \"stack\",\r\n      \"cont\": [\r\n        {\r\n          \"type\": \"text\",\r\n          \"cont\": \"<h1 class=\\\"_Titler\\\">VORES HISTORIE<br \/><br \/><span style=\\\"font-weight: 400;\\\">Kaj Kj\u00e6r Flora &amp; Fauna er en erhvervsdrivende naturfond stiftet af formand Peter Kj\u00e6r. Fonden er stiftet for at hj\u00e6lpe planeten med at afbalancere kvaliteten af vores milj\u00f8er.<\/span><\/h1>\",\r\n          \"align\": \"top\",\r\n          \"row\": -1,\r\n          \"col\": 0,\r\n          \"colspan\": 6,\r\n          \"offsetx\": 0,\r\n          \"offsety\": 0,\r\n          \"spaceabove\": 0,\r\n          \"spacebelow\": 0,\r\n          \"yvel\": 1,\r\n          \"push\": 0,\r\n          \"relid\": 7,\r\n          \"dosync\": false\r\n        },\r\n        {\r\n          \"type\": \"text\",\r\n          \"cont\": \"<p class=\\\"_Text\\\"><span style=\\\"color: #ffffff; letter-spacing: 0.02em;\\\"><span class=\\\"s1\\\"><br \/><br \/><br \/><\/span><\/span><\/p><p class=\\\"_Text\\\"><span style=\\\"font-weight: 400;\\\">Vi startede vores arbejde syd for L\u00f8kken i 2018 og r\u00e5der i dag over ca.100 ha jord, hvor vi hver eneste dag k\u00e6mper for at naturen kan udfolde sig frit, p\u00e5 sine egne pr\u00e6misser.\u00a0<\/span><\/p><p class=\\\"_Text\\\"><span style=\\\"font-weight: 400;\\\">Familien Kj\u00e6r har haft gl\u00e6de af at komme til deres familie-sommerhus ved Vesterhavet siden 1960\u2019erne, da Peter Kj\u00e6rs for\u00e6ldre, Grethe og Kaj Kj\u00e6r, k\u00f8bte huset. Sommerhuset ligger ved siden af det natursk\u00f8nne og fredede klitlandskab, Munkens Klit, kun 4 kilometer syd for L\u00f8kken, Nordjylland.<\/span><\/p><p class=\\\"_Text\\\"><span style=\\\"font-weight: 400;\\\">I l\u00f8bet af de sidste 12 \u00e5r har Peter Kj\u00e6r investeret sin tid og penge p\u00e5 sit livsm\u00e5l: at give naturen de bedst mulige vilk\u00e5r. Dette har han gjort med projekter i Hong Kong, Kina, en skov i Transsylvanien og i ejendomme og jord i Colorado, USA.<\/span><\/p><p class=\\\"_Text\\\"><span style=\\\"font-weight: 400;\\\">Efter Peters far, Kaj Kj\u00e6r, gik bort i \u00e5r 2015, besluttede Peter at g\u00f8re mere for naturen i Danmark, i f\u00f8rste omgang naturen i n\u00e6romr\u00e5det syd for L\u00f8kken. Denne beslutning resulterede i stiftelsen af Fonden Kaj Kj\u00e6r Flora &amp; Fauna i respekt for og af k\u00e6rlighed til sin far, Kaj Kj\u00e6r, der gennem hele sit liv har givet familien mange dejlige oplevelser ved Vesterhavet. Disse oplevelser har bidraget til at sikre Kj\u00e6r-familiens v\u00e6rdis\u00e6t vedr\u00f8rende sunde og smukke vilk\u00e5r for vild natur sammen med dens beboere; flora, fauna (dyr), s\u00e5vel som mennesker.<\/span><\/p><p class=\\\"_Text\\\"><span style=\\\"color: #ffffff; letter-spacing: 0.02em;\\\"><span class=\\\"s1\\\">\u00a0<\/span><\/span><\/p>\",\r\n          \"align\": \"middle\",\r\n          \"row\": -1,\r\n          \"col\": 1,\r\n          \"colspan\": 5,\r\n          \"offsetx\": 0,\r\n          \"offsety\": 0,\r\n          \"spaceabove\": 0,\r\n          \"spacebelow\": 0,\r\n          \"yvel\": 1,\r\n          \"push\": 1,\r\n          \"relid\": 5,\r\n          \"dosync\": false\r\n        }\r\n      ],\r\n      \"align\": \"top\",\r\n      \"row\": 0,\r\n      \"col\": 0,\r\n      \"colspan\": 6,\r\n      \"offsetx\": 0,\r\n      \"offsety\": 0,\r\n      \"spaceabove\": 0,\r\n      \"spacebelow\": 0,\r\n      \"yvel\": 1,\r\n      \"push\": 0,\r\n      \"relid\": 878,\r\n      \"frameOverflow\": \"\"\r\n    },\r\n    {\r\n      \"type\": \"stack\",\r\n      \"cont\": [\r\n        {\r\n          \"type\": \"img\",\r\n          \"cont\": \"\/wp-content\/uploads\/2020\/05\/Screenshot-2020-05-07-at-14.11.52.jpg\",\r\n          \"align\": \"middle\",\r\n          \"row\": -1,\r\n          \"col\": 0,\r\n          \"colspan\": 5,\r\n          \"offsetx\": 0,\r\n          \"offsety\": 0,\r\n          \"spaceabove\": 1,\r\n          \"spacebelow\": 0,\r\n          \"yvel\": 1,\r\n          \"push\": 0,\r\n          \"relid\": 876,\r\n          \"attid\": 423,\r\n          \"sizes\": {\r\n            \"full\": \"\/wp-content\/uploads\/2020\/05\/Screenshot-2020-05-07-at-14.11.52.jpg\",\r\n            \"_1280\": \"\/wp-content\/uploads\/2020\/05\/Screenshot-2020-05-07-at-14.11.52-1280x828.jpg\",\r\n            \"_1024\": \"\/wp-content\/uploads\/2020\/05\/Screenshot-2020-05-07-at-14.11.52-1024x662.jpg\",\r\n            \"_768\": \"\/wp-content\/uploads\/2020\/05\/Screenshot-2020-05-07-at-14.11.52-768x497.jpg\",\r\n            \"_512\": \"\/wp-content\/uploads\/2020\/05\/Screenshot-2020-05-07-at-14.11.52-512x331.jpg\",\r\n            \"_265\": \"\/wp-content\/uploads\/2020\/05\/Screenshot-2020-05-07-at-14.11.52-265x171.jpg\"\r\n          },\r\n          \"w\": 1673,\r\n          \"h\": 1082,\r\n          \"ar\": 0.6467423789599522,\r\n          \"alt\": \"Monk's dune, 1947\",\r\n          \"dosync\": false\r\n        },\r\n        {\r\n          \"type\": \"text\",\r\n          \"cont\": \"<p class=\\\"_Captions\\\">\u2198\u00a0 Kort over <a href=\\\"https:\/\/www.google.com\/maps\/@57.3418372,9.6794668,940m\/data=!3m1!1e3\\\" target=\\\"_blank\\\" rel=\\\"noopener\\\">Munkens Klit<\/a>,\u00a01947.<\/p>\",\r\n          \"align\": \"top\",\r\n          \"row\": -1,\r\n          \"col\": 0,\r\n          \"colspan\": 5,\r\n          \"offsetx\": 0,\r\n          \"offsety\": 0,\r\n          \"spaceabove\": 0.9,\r\n          \"spacebelow\": 0,\r\n          \"yvel\": 1,\r\n          \"push\": 0,\r\n          \"relid\": 6,\r\n          \"dosync\": false\r\n        }\r\n      ],\r\n      \"align\": \"top\",\r\n      \"row\": 0,\r\n      \"col\": 7,\r\n      \"colspan\": 5,\r\n      \"offsetx\": 0,\r\n      \"offsety\": 0,\r\n      \"spaceabove\": 0,\r\n      \"spacebelow\": 0,\r\n      \"yvel\": 1,\r\n      \"push\": 1,\r\n      \"relid\": 4,\r\n      \"frameOverflow\": \"\"\r\n    }\r\n  ]\r\n}","phonegrid":"{\r\n  \"colCount\": 12,\r\n  \"colGutter\": 1,\r\n  \"rowGutters\": [\r\n    10,\r\n    10,\r\n    2\r\n  ],\r\n  \"frameMargin\": 5,\r\n  \"topFrameMargin\": 22,\r\n  \"bottomFrameMargin\": 15,\r\n  \"rowAttrs\": [\r\n    {},\r\n    {},\r\n    {},\r\n    {}\r\n  ],\r\n  \"bgColor\": \"#000000\",\r\n  \"cont\": [\r\n    {\r\n      \"type\": \"text\",\r\n      \"cont\": \"<h1 class=\\\"_Titler\\\">VORES HISTORIE<br \/><br \/><span style=\\\"font-weight: 400;\\\">Kaj Kj\u00e6r Flora &amp; Fauna er en erhvervsdrivende naturfond stiftet af formand Peter Kj\u00e6r. Fonden er stiftet for at hj\u00e6lpe planeten med at afbalancere kvaliteten af vores milj\u00f8er.<\/span><\/h1>\",\r\n      \"align\": \"bottom\",\r\n      \"row\": 0,\r\n      \"col\": 0,\r\n      \"colspan\": 12,\r\n      \"offsetx\": 0,\r\n      \"offsety\": 0,\r\n      \"spaceabove\": 0,\r\n      \"spacebelow\": 0,\r\n      \"yvel\": 1,\r\n      \"push\": 0,\r\n      \"relid\": 7,\r\n      \"dosync\": false\r\n    },\r\n    {\r\n      \"type\": \"text\",\r\n      \"cont\": \"<p class=\\\"_Text\\\"><span style=\\\"font-weight: 400;\\\">Vi startede vores arbejde syd for L\u00f8kken i 2018 og r\u00e5der i dag over ca.100 ha jord, hvor vi hver eneste dag k\u00e6mper for at naturen kan udfolde sig frit, p\u00e5 sine egne pr\u00e6misser.\u00a0<\/span><\/p><p class=\\\"_Text\\\"><span style=\\\"font-weight: 400;\\\">Familien Kj\u00e6r har haft gl\u00e6de af at komme til deres familie-sommerhus ved Vesterhavet siden 1960\u2019erne, da Peter Kj\u00e6rs for\u00e6ldre, Grethe og Kaj Kj\u00e6r, k\u00f8bte huset. Sommerhuset ligger ved siden af det natursk\u00f8nne og fredede klitlandskab, Munkens Klit, kun 4 kilometer syd for L\u00f8kken, Nordjylland.<\/span><\/p><p class=\\\"_Text\\\"><span style=\\\"font-weight: 400;\\\">I l\u00f8bet af de sidste 12 \u00e5r har Peter Kj\u00e6r investeret sin tid og penge p\u00e5 sit livsm\u00e5l: at give naturen de bedst mulige vilk\u00e5r. Dette har han gjort med projekter i Hong Kong, Kina, en skov i Transsylvanien og i ejendomme og jord i Colorado, USA.<\/span><\/p><p class=\\\"_Text\\\"><span style=\\\"font-weight: 400;\\\">Efter Peters far, Kaj Kj\u00e6r, gik bort i \u00e5r 2015, besluttede Peter at g\u00f8re mere for naturen i Danmark, i f\u00f8rste omgang naturen i n\u00e6romr\u00e5det syd for L\u00f8kken. Denne beslutning resulterede i stiftelsen af Fonden Kaj Kj\u00e6r Flora &amp; Fauna i respekt for og af k\u00e6rlighed til sin far, Kaj Kj\u00e6r, der gennem hele sit liv har givet familien mange dejlige oplevelser ved Vesterhavet. Disse oplevelser har bidraget til at sikre Kj\u00e6r-familiens v\u00e6rdis\u00e6t vedr\u00f8rende sunde og smukke vilk\u00e5r for vild natur sammen med dens beboere; flora, fauna (dyr), s\u00e5vel som mennesker.<\/span><\/p>\",\r\n      \"align\": \"bottom\",\r\n      \"row\": 1,\r\n      \"col\": 0,\r\n      \"colspan\": 12,\r\n      \"offsetx\": 0,\r\n      \"offsety\": 0,\r\n      \"spaceabove\": 0,\r\n      \"spacebelow\": 0,\r\n      \"yvel\": 1,\r\n      \"push\": 0,\r\n      \"relid\": 5,\r\n      \"dosync\": false\r\n    },\r\n    {\r\n      \"type\": \"img\",\r\n      \"cont\": \"\/wp-content\/uploads\/2020\/05\/Screenshot-2020-05-07-at-14.11.52.jpg\",\r\n      \"align\": \"bottom\",\r\n      \"row\": 2,\r\n      \"col\": 0,\r\n      \"colspan\": 12,\r\n      \"offsetx\": 0,\r\n      \"offsety\": 0,\r\n      \"spaceabove\": 0,\r\n      \"spacebelow\": 0,\r\n      \"yvel\": 1,\r\n      \"push\": 0,\r\n      \"relid\": 876,\r\n      \"attid\": 423,\r\n      \"sizes\": {\r\n        \"full\": \"\/wp-content\/uploads\/2020\/05\/Screenshot-2020-05-07-at-14.11.52.jpg\",\r\n        \"_1280\": \"\/wp-content\/uploads\/2020\/05\/Screenshot-2020-05-07-at-14.11.52-1280x828.jpg\",\r\n        \"_1024\": \"\/wp-content\/uploads\/2020\/05\/Screenshot-2020-05-07-at-14.11.52-1024x662.jpg\",\r\n        \"_768\": \"\/wp-content\/uploads\/2020\/05\/Screenshot-2020-05-07-at-14.11.52-768x497.jpg\",\r\n        \"_512\": \"\/wp-content\/uploads\/2020\/05\/Screenshot-2020-05-07-at-14.11.52-512x331.jpg\",\r\n        \"_265\": \"\/wp-content\/uploads\/2020\/05\/Screenshot-2020-05-07-at-14.11.52-265x171.jpg\"\r\n      },\r\n      \"w\": 1673,\r\n      \"h\": 1082,\r\n      \"ar\": 0.6467423789599522,\r\n      \"alt\": \"Monk's dune, 1947\",\r\n      \"dosync\": false\r\n    },\r\n    {\r\n      \"type\": \"text\",\r\n      \"cont\": \"<p class=\\\"_Captions\\\">\u2192 Kort over <a href=\\\"https:\/\/www.google.com\/maps\/@57.3418372,9.6794668,940m\/data=!3m1!1e3\\\" target=\\\"_blank\\\" rel=\\\"noopener\\\">Munkens Klit<\/a>,\u00a01947.<\/p>\",\r\n      \"align\": \"bottom\",\r\n      \"row\": 3,\r\n      \"col\": 0,\r\n      \"colspan\": 12,\r\n      \"offsetx\": 0,\r\n      \"offsety\": 0,\r\n      \"spaceabove\": 0,\r\n      \"spacebelow\": 0,\r\n      \"yvel\": 1,\r\n      \"push\": 0,\r\n      \"relid\": 6,\r\n      \"dosync\": false\r\n    }\r\n  ]\r\n}","_links":{"self":[{"href":"https:\/\/kajkjaerflorafauna.com\/da\/wp-json\/wp\/v2\/pages\/327","targetHints":{"allow":["GET"]}}],"collection":[{"href":"https:\/\/kajkjaerflorafauna.com\/da\/wp-json\/wp\/v2\/pages"}],"about":[{"href":"https:\/\/kajkjaerflorafauna.com\/da\/wp-json\/wp\/v2\/types\/page"}],"author":[{"embeddable":true,"href":"https:\/\/kajkjaerflorafauna.com\/da\/wp-json\/wp\/v2\/users\/1"}],"replies":[{"embeddable":true,"href":"https:\/\/kajkjaerflorafauna.com\/da\/wp-json\/wp\/v2\/comments?post=327"}],"version-history":[{"count":0,"href":"https:\/\/kajkjaerflorafauna.com\/da\/wp-json\/wp\/v2\/pages\/327\/revisions"}],"wp:attachment":[{"href":"https:\/\/kajkjaerflorafauna.com\/da\/wp-json\/wp\/v2\/media?parent=327"}],"curies":[{"name":"wp","href":"https:\/\/api.w.org\/{rel}","templated":true}]}}